{"id":18130,"date":"2021-07-04T18:00:22","date_gmt":"2021-07-04T18:00:22","guid":{"rendered":"https:\/\/bkinfos.net\/news\/?page_id=18130"},"modified":"2021-07-04T18:00:25","modified_gmt":"2021-07-04T18:00:25","slug":"newsletter","status":"publish","type":"page","link":"https:\/\/bkinfos.net\/news\/newsletter\/","title":{"rendered":"S&rsquo;abonner \u00e0 notre Newsletter"},"content":{"rendered":"\n<!-- Begin Mailchimp Signup Form -->\n<link href=\"\/\/cdn-images.mailchimp.com\/embedcode\/classic-10_7.css\" rel=\"stylesheet\" type=\"text\/css\">\n<style type=\"text\/css\">\n\t#mc_embed_signup{background:#fff; clear:left; font:14px Helvetica,Arial,sans-serif; }\n\t\/* Add your own Mailchimp form style overrides in your site stylesheet or in this style block.\n\t   We recommend moving this block and the preceding CSS link to the HEAD of your HTML file. *\/\n<\/style>\n<div id=\"mc_embed_signup\">\n<form action=\"https:\/\/bkinfos.us17.list-manage.com\/subscribe\/post?u=91d960b21d868e1cfbeaa5dc2&amp;id=465e3a94c2\" method=\"post\" id=\"mc-embedded-subscribe-form\" name=\"mc-embedded-subscribe-form\" class=\"validate\" target=\"_blank\" novalidate>\n    <div id=\"mc_embed_signup_scroll\">\n\t<h2>Recevoir nos publications journali\u00e8res par mail<\/h2>\n<div class=\"indicates-required\"><span class=\"asterisk\">*<\/span> indicates required<\/div>\n<div class=\"mc-field-group\">\n\t<label for=\"mce-EMAIL\">Adresse mail  <span class=\"asterisk\">*<\/span>\n<\/label>\n\t<input type=\"email\" value=\"\" name=\"EMAIL\" class=\"required email\" id=\"mce-EMAIL\">\n<\/div>\n<div class=\"mc-field-group\">\n\t<label for=\"mce-FNAME\">Prenom <\/label>\n\t<input type=\"text\" value=\"\" name=\"FNAME\" class=\"\" id=\"mce-FNAME\">\n<\/div>\n<div class=\"mc-field-group\">\n\t<label for=\"mce-LNAME\">Nom <\/label>\n\t<input type=\"text\" value=\"\" name=\"LNAME\" class=\"\" id=\"mce-LNAME\">\n<\/div>\n<div class=\"mc-field-group size1of2\">\n\t<label for=\"mce-BIRTHDAY-month\">Birthday <\/label>\n\t<div class=\"datefield\">\n\t\t<span class=\"subfield monthfield\"><input class=\"birthday \" type=\"text\" pattern=\"[0-9]*\" value=\"\" placeholder=\"MM\" size=\"2\" maxlength=\"2\" name=\"BIRTHDAY[month]\" id=\"mce-BIRTHDAY-month\"><\/span> \/ \n\t\t<span class=\"subfield dayfield\"><input class=\"birthday \" type=\"text\" pattern=\"[0-9]*\" value=\"\" placeholder=\"DD\" size=\"2\" maxlength=\"2\" name=\"BIRTHDAY[day]\" id=\"mce-BIRTHDAY-day\"><\/span> \n\t\t<span class=\"small-meta nowrap\">( mm \/ dd )<\/span>\n\t<\/div>\n<\/div><p><a href=\"https:\/\/us17.campaign-archive.com\/home\/?u=91d960b21d868e1cfbeaa5dc2&#038;id=465e3a94c2\" title=\"View previous campaigns\">Voir les r\u00e9cents mails.<\/a><\/p>\n\t<div id=\"mce-responses\" class=\"clear\">\n\t\t<div class=\"response\" id=\"mce-error-response\" style=\"display:none\"><\/div>\n\t\t<div class=\"response\" id=\"mce-success-response\" style=\"display:none\"><\/div>\n\t<\/div>    <!-- real people should not fill this in and expect good things - do not remove this or risk form bot signups-->\n    <div style=\"position: absolute; left: -5000px;\" aria-hidden=\"true\"><input type=\"text\" name=\"b_91d960b21d868e1cfbeaa5dc2_465e3a94c2\" tabindex=\"-1\" value=\"\"><\/div>\n    <div class=\"clear\"><input type=\"submit\" value=\"Subscribe\" name=\"subscribe\" id=\"mc-embedded-subscribe\" class=\"button\"><\/div>\n    <\/div>\n<\/form>\n<\/div>\n<script type='text\/javascript' src='\/\/s3.amazonaws.com\/downloads.mailchimp.com\/js\/mc-validate.js'><\/script><script type='text\/javascript'>(function($) {window.fnames = new Array(); window.ftypes = new Array();fnames[0]='EMAIL';ftypes[0]='email';fnames[1]='FNAME';ftypes[1]='text';fnames[2]='LNAME';ftypes[2]='text';fnames[3]='ADDRESS';ftypes[3]='address';fnames[4]='PHONE';ftypes[4]='phone';fnames[5]='BIRTHDAY';ftypes[5]='birthday';}(jQuery));var $mcj = jQuery.noConflict(true);<\/script>\n<!--End mc_embed_signup-->\n\nNous vous envoyons une lettre d&rsquo;information chaque avec l&rsquo;essentielle de l&rsquo;actualit\u00e9 \u00e0 la une sur BKINFOS.NET directement dans votre bo\u00eete mail.\n","protected":false},"excerpt":{"rendered":"<p>Recevoir nos publications journali\u00e8res par mail * indicates required Adresse mail * Prenom Nom Birthday<\/p>\n","protected":false},"author":1,"featured_media":0,"parent":0,"menu_order":0,"comment_status":"closed","ping_status":"closed","template":"","meta":{"footnotes":""},"class_list":["post-18130","page","type-page","status-publish","hentry"],"jetpack_shortlink":"https:\/\/wp.me\/Pf1BaG-4Iq","jetpack_sharing_enabled":true,"_links":{"self":[{"href":"https:\/\/bkinfos.net\/news\/wp-json\/wp\/v2\/pages\/18130","targetHints":{"allow":["GET"]}}],"collection":[{"href":"https:\/\/bkinfos.net\/news\/wp-json\/wp\/v2\/pages"}],"about":[{"href":"https:\/\/bkinfos.net\/news\/wp-json\/wp\/v2\/types\/page"}],"author":[{"embeddable":true,"href":"https:\/\/bkinfos.net\/news\/wp-json\/wp\/v2\/users\/1"}],"replies":[{"embeddable":true,"href":"https:\/\/bkinfos.net\/news\/wp-json\/wp\/v2\/comments?post=18130"}],"version-history":[{"count":1,"href":"https:\/\/bkinfos.net\/news\/wp-json\/wp\/v2\/pages\/18130\/revisions"}],"predecessor-version":[{"id":18131,"href":"https:\/\/bkinfos.net\/news\/wp-json\/wp\/v2\/pages\/18130\/revisions\/18131"}],"wp:attachment":[{"href":"https:\/\/bkinfos.net\/news\/wp-json\/wp\/v2\/media?parent=18130"}],"curies":[{"name":"wp","href":"https:\/\/api.w.org\/{rel}","templated":true}]}}